{"id":158,"date":"2020-09-24T09:30:24","date_gmt":"2020-09-24T08:30:24","guid":{"rendered":"http:\/\/gandiabillarclub.es\/?page_id=158"},"modified":"2024-09-20T16:38:34","modified_gmt":"2024-09-20T15:38:34","slug":"noticies","status":"publish","type":"page","link":"http:\/\/gandiabillarclub.es\/?page_id=158","title":{"rendered":"Noticies"},"content":{"rendered":"\n<p>15\/9\/2024<\/p>\n\n\n<div class=\"wp-block-image\">\n<figure class=\"aligncenter size-large is-resized\"><img decoding=\"async\" loading=\"lazy\" width=\"1024\" height=\"768\" src=\"http:\/\/gandiabillarclub.es\/wp-content\/uploads\/2024\/09\/20240915_podium_sueca-1024x768.jpg\" alt=\"\" class=\"wp-image-851\" style=\"aspect-ratio:1.3333333333333333;width:439px;height:auto\" srcset=\"http:\/\/gandiabillarclub.es\/wp-content\/uploads\/2024\/09\/20240915_podium_sueca-1024x768.jpg 1024w, http:\/\/gandiabillarclub.es\/wp-content\/uploads\/2024\/09\/20240915_podium_sueca-300x225.jpg 300w, http:\/\/gandiabillarclub.es\/wp-content\/uploads\/2024\/09\/20240915_podium_sueca-768x576.jpg 768w, http:\/\/gandiabillarclub.es\/wp-content\/uploads\/2024\/09\/20240915_podium_sueca-1200x900.jpg 1200w, http:\/\/gandiabillarclub.es\/wp-content\/uploads\/2024\/09\/20240915_podium_sueca.jpg 1256w\" sizes=\"(max-width: 709px) 85vw, (max-width: 909px) 67vw, (max-width: 1362px) 62vw, 840px\" \/><\/figure><\/div>\n\n\n<p><strong>AUSI\u00c0S FUSTER JUGADOR DEL CHEF AMADEO GANDIA CAMPI\u00d3 A L&#8217;OPEN SUECA CIUTAT DE L&#8217;ARR\u00d2S.<\/strong><\/p>\n\n\n\n<p><strong>Jose Luis Pascual del Chef Amadeo Gandia va ser 3er.<\/strong><\/p>\n\n\n\n<p>La passada setmana, a partir del dimarts i fins aquest diumenge, es disputava el II Open Sueca Ciutat de l&#8217;arr\u00f2s, primera prova valedora per al r\u00e0nquing de billar a 3 bandes. Aix\u00ed doncs, Sueca donava el tret de sortida al r\u00e0nquing de la temporada, on els gandians solen estar entre els millor jugadors valencians.<\/p>\n\n\n\n<p><strong>Ciutat de l&#8217;arr\u00f2s, resultats i participaci\u00f3 gandiana<\/strong>. Sense cap dubte Ausi\u00e0s Fuster va brillar a l&#8217;event on va derrotar a tots els seus rivals fins a al\u00e7ar-se en la vict\u00f2ria final, amb una excel\u00b7lent estad\u00edstica: 4 partits disputats amb una mitjana general de l&#8217;1,026 i la m\u00e0xima s\u00e8rie del Campionat amb 9 caramboles, donen compte del gran campionat realitzat pel gandi\u00e0.<\/p>\n\n\n\n<p>Jose luis Pascual, el de Villalonga, es va haver de conformar amb la 3a pla\u00e7a, va ser derrotat en semifinal pel mateix Ausi\u00e0s, per\u00f2 va donar compte del seu potencial amb una mitjana general d&#8217;1,213, la m\u00e0xima a l&#8217;esdeveniment.<\/p>\n\n\n\n<p>Fins a 7 jugadors gandians participaren en la prova. Bona participaci\u00f3 dels gandians: Francisco Estruch 9\u00e9, Xavi Pascual 11\u00e9, tamb\u00e9 varen participar Francisco Gomariz, Jose Ram\u00f3n Fuster i Nacho Sastre.<\/p>\n\n\n\n<p><strong>Situaci\u00f3 del r\u00e0nquing auton\u00f2mic despr\u00e9s de la prova.<\/strong>&nbsp;Amb aquesta classificaci\u00f3, de tots dos a la primera prova, en referencia al r\u00e0nquing auton\u00f2mic: Ausi\u00e0s, puja un lloc classificaci\u00f3 passant a ser el 5e, mestre que Jos\u00e9 Luis continua al m\u00e9s alt de la classificaci\u00f3, com l\u00edder del r\u00e0nquing.&nbsp;<\/p>\n\n\n\n<p>Vos deixem fotografia del p\u00f2dium, d&#8217;esquerra a dreta: Ra\u00fcl Cuenca \u2013 CB Sueca (2\u00ba), Ausi\u00e0s Fuster \u2013 Gandia BC (1\u00ba), Jose Luis Pascual (3\u00ba) \u2013 Gandia, BC, Daniel Pe\u00f1a (3\u00ba) CB Torrent.<\/p>\n\n\n\n<p>Vos enviem fotografia de Ausias Fuster en una execuci\u00f3 de la gran final.<\/p>\n\n\n\n<p><strong>Pr\u00f2xima parada<\/strong><\/p>\n\n\n\n<ul>\n<li>El Chef Amadeo Gandia debutar\u00e0 a la m\u00e0xima categoria del billar espanyol, Divisi\u00f3 d&#8217;Honor Nacional, el pr\u00f2xim dissabte 28 de setembre.<\/li>\n\n\n\n<li>A partir del dilluns 30 comen\u00e7a el Gran Premi d&#8217;Espanya Ciutat de Gandia \u2013 Chef Amadeo, amb r\u00e8cord de participaci\u00f3 amb 126 esportistes.<\/li>\n<\/ul>\n\n\n\n<p><strong>El Chef Amadeo Gandia a la temporada 2024-2025, participa en 5 lligues:<\/strong>&nbsp;3 auton\u00f2miques i 2 nacionals. Tamb\u00e9 competir\u00e0 en Segona Divisi\u00f3 nacional amb el filial, ho far\u00e0 a Elda, el club a conformat un nou equip filial en categoria nacional. D&#8217;aquesta forma el gandians participar\u00e0: Lliga Auton\u00f2mica Divisi\u00f3 d&#8217;honor, filial Lliga Auton\u00f2mica 1\u00aa divisi\u00f3, filial Lliga Auton\u00f2mica 2\u00aa divisi\u00f3, Lliga Nacional Divisi\u00f3 D&#8217;honor i filial Lliga Nacional 2\u00aa divisi\u00f3.<\/p>\n\n\n\n<p>19\/11\/2022<\/p>\n\n\n<div class=\"wp-block-image\">\n<figure class=\"aligncenter size-large is-resized\"><img decoding=\"async\" loading=\"lazy\" width=\"1024\" height=\"461\" src=\"http:\/\/gandiabillarclub.es\/wp-content\/uploads\/2022\/11\/e85eca04-7568-4716-8bdb-76fc034f4d0e-2-1024x461.jpg\" alt=\"\" class=\"wp-image-818\" style=\"width:458px;height:205px\" srcset=\"http:\/\/gandiabillarclub.es\/wp-content\/uploads\/2022\/11\/e85eca04-7568-4716-8bdb-76fc034f4d0e-2-1024x461.jpg 1024w, http:\/\/gandiabillarclub.es\/wp-content\/uploads\/2022\/11\/e85eca04-7568-4716-8bdb-76fc034f4d0e-2-300x135.jpg 300w, http:\/\/gandiabillarclub.es\/wp-content\/uploads\/2022\/11\/e85eca04-7568-4716-8bdb-76fc034f4d0e-2-768x346.jpg 768w, http:\/\/gandiabillarclub.es\/wp-content\/uploads\/2022\/11\/e85eca04-7568-4716-8bdb-76fc034f4d0e-2-1536x692.jpg 1536w, http:\/\/gandiabillarclub.es\/wp-content\/uploads\/2022\/11\/e85eca04-7568-4716-8bdb-76fc034f4d0e-2-1200x541.jpg 1200w, http:\/\/gandiabillarclub.es\/wp-content\/uploads\/2022\/11\/e85eca04-7568-4716-8bdb-76fc034f4d0e-2.jpg 1600w\" sizes=\"(max-width: 709px) 85vw, (max-width: 909px) 67vw, (max-width: 1362px) 62vw, 840px\" \/><figcaption class=\"wp-element-caption\">Lucas Molpeceres va ser guardonat a la Gala de l&#8217;Esport de Gandia.<\/figcaption><\/figure><\/div>\n\n\n<p>10\/10\/2022<\/p>\n\n\n<div class=\"wp-block-image\">\n<figure class=\"aligncenter size-large is-resized\"><img decoding=\"async\" loading=\"lazy\" width=\"768\" height=\"1024\" src=\"http:\/\/gandiabillarclub.es\/wp-content\/uploads\/2022\/10\/10ffaa4a-674b-4744-be05-00fa11cf8250-768x1024.jpg\" alt=\"\" class=\"wp-image-793\" style=\"width:382px;height:509px\" srcset=\"http:\/\/gandiabillarclub.es\/wp-content\/uploads\/2022\/10\/10ffaa4a-674b-4744-be05-00fa11cf8250-768x1024.jpg 768w, http:\/\/gandiabillarclub.es\/wp-content\/uploads\/2022\/10\/10ffaa4a-674b-4744-be05-00fa11cf8250-225x300.jpg 225w, http:\/\/gandiabillarclub.es\/wp-content\/uploads\/2022\/10\/10ffaa4a-674b-4744-be05-00fa11cf8250.jpg 1080w\" sizes=\"(max-width: 768px) 85vw, 768px\" \/><\/figure><\/div>\n\n\n<p>El nostre esportista Lucas Molpeceres (de 14 anys) ha estat seleccionat per a representar al club al Chef Amadeo Gandia BC a la Gala dels Esports de Gandia, el pr\u00f2xim 19 de novembre, on s&#8217;elegir\u00e0 el millor esportista de l&#8217;any 2022 de Gandia.<br>Enguany hem elegit a Lucas, sense dubte s&#8217;ho mereix i el seg\u00fcent.<br>Esportistes, bons i bon\u00edssimes &#8211; excel\u00b7lents, a Gandia hi ha a \u00abtroche i moche\u00bb i tots i totes s&#8217;ho mereixen, sense cap dubte, per\u00f2 per a nosaltres enguany, Lucas, ser\u00e0 el millor, passe el que passe.<\/p>\n\n\n\n<p>\u2022 Medalla de bronze &#8211; 3r classificat al CAMPIONAT D\u2019ESPANYA SUB15 A LA MODALITAT 3 BANDES. Los Alc\u00e1ceres (M\u00farcia) &#8211; JUL 2022.<br>\u2022 Medalla de bronze &#8211; 3r classificat al CAMPIONAT D\u2019ESPANYA SUB15 A LA MODALITAT LLIURE. Los Alc\u00e1ceres (M\u00farcia) &#8211; JUL 2022.<br>\u2022 Medalla d\u2019or \u2013 Campi\u00f3 Auton\u00f2mic sub-15 a la modalitat de 3 bandes. Sueca Juny 2022.<br>\u2022 Medalla d\u2019or \u2013 Campi\u00f3 Auton\u00f2mic sub-15 a la modalitat de lliure. Sueca Juny 2022.<br>\u2022 Membre titular del Chef Amadeo Gandia BC a la lliga auton\u00f2mica Jocs de S\u00e8rie. 6\u00e9 classificat.<br>\u2022 Membre de l\u2019equip Chef Amadeo Gandia BC a la lliga auton\u00f2mica de 1\u00aa divisi\u00f3 a 3 bandes. Campions Grup B.<\/p>\n\n\n\n<p><\/p>\n\n\n\n<h2 class=\"wp-block-heading\" id=\"autonomiques_2021\">Retransmissi\u00f3 Seleccions Auton\u00f2miques<\/h2>\n\n\n\n<p>MESA1-FBCV-DIRECTO1: <a href=\"https:\/\/www.youtube.com\/channel\/UCvBUn1UsgMFUtdJz5zS3WeA?view_as=subscriber\" target=\"_blank\" rel=\"noreferrer noopener\">https:\/\/www.youtube.com\/channel\/UCvBUn1UsgMFUtdJz5zS3WeA?view_as=subscriber<\/a><\/p>\n\n\n\n<p>MESA2-FBCV-DIRECTO2: <a href=\"https:\/\/www.youtube.com\/channel\/UCUCo8dlgOmJAdTUeWTv8NdQ\" target=\"_blank\" rel=\"noreferrer noopener\">https:\/\/www.youtube.com\/channel\/UCUCo8dlgOmJAdTUeWTv8NdQ<\/a><\/p>\n\n\n\n<p>MESA3-FBCV-DIRECTO3: <a href=\"https:\/\/www.youtube.com\/channel\/UCP-87S2UH6LjxIHGaZ2Gakg\" target=\"_blank\" rel=\"noreferrer noopener\">https:\/\/www.youtube.com\/channel\/UCP-87S2UH6LjxIHGaZ2Gakg<\/a><\/p>\n\n\n\n<p>MESA4-FBCV-DIRECTO4: <a href=\"https:\/\/www.youtube.com\/channel\/UCMNtwWswfjgQJ5nHJfLvjww\" target=\"_blank\" rel=\"noreferrer noopener\">https:\/\/www.youtube.com\/channel\/UCMNtwWswfjgQJ5nHJfLvjww<\/a><\/p>\n\n\n\n<p>MARCADORES ON-LINE FBCV-DIRECTO5: <a href=\"https:\/\/www.youtube.com\/channel\/UCqlFPgRNsX8xs2YOnsPg6Vg?view_as=subscriber\" target=\"_blank\" rel=\"noreferrer noopener\">https:\/\/www.youtube.com\/channel\/UCqlFPgRNsX8xs2YOnsPg6Vg?view_as=subscriber<\/a><\/p>\n\n\n\n<p>Permite ver los marcadores de los 4 partidos.<\/p>\n\n\n\n<p>RESULTADOS ON-LINE: <a href=\"https:\/\/docs.google.com\/spreadsheets\/d\/1xn1d7Yu5eAvdztaHU4faR8QyoJFPu3Y9X2RWkPMJ6zo\/edit?ts=6093aa76#gid=524661617\" target=\"_blank\" rel=\"noreferrer noopener\">https:\/\/docs.google.com\/spreadsheets\/d\/1xn1d7Yu5eAvdztaHU4faR8QyoJFPu3Y9X2RWkPMJ6zo\/edit?ts=6093aa76#gid=524661617<\/a><\/p>\n\n\n\n<p>En los resultados on-line permite seleccionar el partido a visualizar con un enlace en el n\u00famero de mesa. Permite la visualizaci\u00f3n del partido elegido bien en directo o en diferido.<\/p>\n\n\n\n<p><\/p>\n\n\n\n<p>5-10-2020<\/p>\n\n\n\n<p class=\"has-text-align-center\"><strong>PASCUAL DEL CHEF AMADEO GANDIA \u00abVA SER PROFETA A LA SEUA TERRA\u00bb<\/strong><\/p>\n\n\n\n<p class=\"has-text-align-center\"><strong>P\u00d2DIUM NACIONAL <\/strong><strong>3r A LA CLASSIFICACI\u00d3 GENERAL<\/strong><\/p>\n\n\n\n<p class=\"has-text-align-center\"><strong>Gandia i el seu club de billar escollits per l\u2019inici de la temporada nacional de billar<\/strong><\/p>\n\n\n\n<p>La setmana passada es donava, a la ciutat de Gandia, el tret d&#8217;eixida a la temporada nacional de billar amb la celebraci\u00f3 del Gran Premi d&#8217;Espanya, corresponent al r\u00e0nquing nacional individual de la modalitat de 3 bandes. Com ja va sent habitual als darreres anys el cl\u00e0ssic Trofeu Ciutat de Gandia Chef Amadeo, en la seua XV edici\u00f3, en les magn\u00edfiques instal\u00b7lacions del club Chef Amadeo Gandia de la ciutat ducal valenciana.<\/p>\n\n\n\n<p>Un total de 90 jugadors procedents de tota Espanya van disputar durant 6 dies els punts que s&#8217;atorguen en disputar aquestes proves nacionals, segons la classificaci\u00f3 obtinguda segons la classificaci\u00f3 obtinguda, dels quals 3 participants del Chef Amadeo Gandia: Jose Luis Pascual, Jose Ramon Fuster i Ausi\u00e0s Fuster.<\/p>\n\n\n\n<p>Assenyalar que la ciutat de Gandia i el seu club han sigut triats per a l&#8217;inici de temporada, com a ciutat amb bona comunicaci\u00f3 i infraestructura hotelera, aix\u00ed com la capacitat d&#8217;organitzaci\u00f3 del seu club de billar i instal\u00b7lacions \u00e0mplies amb separaci\u00f3 entre taules, sistema de ventilaci\u00f3 i extracci\u00f3 i renovaci\u00f3 d&#8217;aire i per descomptat una instal\u00b7laci\u00f3 de retransmissi\u00f3 magnifica que permet la retransmissi\u00f3 integra de tots el partit per internet.<\/p>\n\n\n\n<p>En el pla esportiu i valenci\u00e0 destacar la bona participaci\u00f3 amb un total de 26 valencians que va situar a 7 jugadors entre els millors 20 primers: Jose Luis Pascual 3r, (Villalonga), Enrique Pe\u00f1alva 9\u00e9 (Val\u00e8ncia), Ivan Mayor 12\u00e9 (Ibi), Jose Gomez Bravo 14\u00e9 (Elx), Francisco Ungetti (Paiporta), Alberto Sintas i Ausi\u00e0s Fuster 19\u00e9 (Gandia).<br>Sense dubte la not\u00edcia destacada \u00e9s el p\u00f3dium de Jose Luis Pascual, jugador de Villalonga enrolat en el cub gandi\u00e0 del Chef Amadeo Gandia B.C., que va fer un campionat excel\u00b7lent, amb 5 vict\u00f2ries, una derrota i una mitjana general d&#8217;1,198 amb tacada m\u00e0xima d&#8217;11 caramboles.<\/p>\n\n\n\n<p>Pascual \u00e9s un gran jugador, que encara que no juga el r\u00e0nquing nacional per motius laborals, \u00e9s considerat com un dels bons jugadors del panorama nacional i que amb el p\u00f2dium en un Campionat d&#8217;\u00e0mbit nacional, com el Ciutat de Gandia ha demostrat que \u00e9s capa\u00e7 d&#8217;estar entre els millor jugadors. No \u00e9s cap casualitat que estiga al p\u00f2dium, al seu palmar\u00e9s nacional per equip i com a membre de la Selecci\u00f3 Valenciana de Billar, cal afegir aquest p\u00f2dium com a 3r d&#8217;Espanya.<\/p>\n\n\n\n<p>Tamb\u00e9 va desatacar el jugador gandi\u00e0 Ausi\u00e0s Fuster que s&#8217;ha classificat en 19\u00e8, en un molt bon campionat on va jugar 3 partits amb una mitjana general del 0,832.<\/p>\n\n\n\n<p>Tamb\u00e9 van participar Jose Ramon Fuster classificat en 38\u00e9 amb 3 partits disputats i una mitjana general de 0,639.<\/p>\n\n\n\n<p>Gran expectativa en l&#8217;organitzaci\u00f3 del Chef Amadeo Gandia, club organitzador de l&#8217;esdeveniment, amb el protocol de la COVID establert per la Reial Federaci\u00f3 Espanyola de Billar-RFEB i el Consell Superior d&#8217;Esport-CSD, que entre altres establien el protocol de jugar sense p\u00fablic espectador, tan sols personal es permetia l&#8217;entrada a personal perfectament acreditat.<\/p>\n\n\n\n<p>Aquesta expectativa ha estat superada amb una organitzaci\u00f3 mod\u00e8lica del club gandi\u00e0: compliment dels protocols documentals, neteja i desinfecci\u00f3, presa de temperatura i amb la retransmissi\u00f3 integra de tots els partits mitjan\u00e7ant streaming i pels canals de la Federaci\u00f3 de Billar de la Comunitat Valenciana, amb una qualitat immillorable.<\/p>\n\n\n\n<p>Es pot dir que el Chef Amadeo Gandia ha fet una organitzaci\u00f3 espectacular i que justifica perfectament perqu\u00e8 la ciutat de Gandia i el seu club de billar van ser escollits per a l&#8217;inici de la temporada 2020-21 per la RFEB.<\/p>\n\n\n<div class=\"wp-block-image\">\n<figure class=\"aligncenter size-large is-resized\"><img decoding=\"async\" loading=\"lazy\" width=\"1024\" height=\"768\" src=\"http:\/\/gandiabillarclub.es\/wp-content\/uploads\/2020\/10\/ganadores-edited-1024x768.jpeg\" alt=\"\" class=\"wp-image-220\" style=\"width:441px;height:330px\" srcset=\"http:\/\/gandiabillarclub.es\/wp-content\/uploads\/2020\/10\/ganadores-edited-1024x768.jpeg 1024w, http:\/\/gandiabillarclub.es\/wp-content\/uploads\/2020\/10\/ganadores-edited-300x225.jpeg 300w, http:\/\/gandiabillarclub.es\/wp-content\/uploads\/2020\/10\/ganadores-edited-768x576.jpeg 768w, http:\/\/gandiabillarclub.es\/wp-content\/uploads\/2020\/10\/ganadores-edited-1200x900.jpeg 1200w, http:\/\/gandiabillarclub.es\/wp-content\/uploads\/2020\/10\/ganadores-edited.jpeg 1250w\" sizes=\"(max-width: 709px) 85vw, (max-width: 909px) 67vw, (max-width: 1362px) 62vw, 840px\" \/><figcaption class=\"wp-element-caption\">Guanyadors del Gran Premi d&#8217;Espanya<\/figcaption><\/figure><\/div>\n\n<div class=\"wp-block-image\">\n<figure class=\"aligncenter size-large is-resized\"><img decoding=\"async\" loading=\"lazy\" width=\"750\" height=\"750\" src=\"http:\/\/gandiabillarclub.es\/wp-content\/uploads\/2020\/10\/Pascual-edited.jpeg\" alt=\"\" class=\"wp-image-219\" style=\"width:442px;height:442px\" srcset=\"http:\/\/gandiabillarclub.es\/wp-content\/uploads\/2020\/10\/Pascual-edited.jpeg 750w, http:\/\/gandiabillarclub.es\/wp-content\/uploads\/2020\/10\/Pascual-edited-300x300.jpeg 300w, http:\/\/gandiabillarclub.es\/wp-content\/uploads\/2020\/10\/Pascual-edited-150x150.jpeg 150w\" sizes=\"(max-width: 750px) 85vw, 750px\" \/><figcaption class=\"wp-element-caption\">Entrega del Trofeu a J.L. Pascual, jugador del GBC<\/figcaption><\/figure><\/div>\n\n\n<figure class=\"wp-block-video aligncenter\"><video controls src=\"http:\/\/gandiabillarclub.es\/wp-content\/uploads\/2020\/10\/Presentacio_XV_Premi_Espanya-1.mp4\"><\/video><figcaption class=\"wp-element-caption\">Presentaci\u00f3 finalistes<\/figcaption><\/figure>\n\n\n\n<p><\/p>\n\n\n\n<p><\/p>\n","protected":false},"excerpt":{"rendered":"<p>15\/9\/2024 AUSI\u00c0S FUSTER JUGADOR DEL CHEF AMADEO GANDIA CAMPI\u00d3 A L&#8217;OPEN SUECA CIUTAT DE L&#8217;ARR\u00d2S. Jose Luis Pascual del Chef Amadeo Gandia va ser 3er. La passada setmana, a partir &hellip; <a href=\"http:\/\/gandiabillarclub.es\/?page_id=158\" class=\"more-link\">Continuar leyendo<span class=\"screen-reader-text\"> \u00abNoticies\u00bb<\/span><\/a><\/p>\n","protected":false},"author":1,"featured_media":0,"parent":0,"menu_order":0,"comment_status":"closed","ping_status":"closed","template":"","meta":{"footnotes":""},"_links":{"self":[{"href":"http:\/\/gandiabillarclub.es\/index.php?rest_route=\/wp\/v2\/pages\/158"}],"collection":[{"href":"http:\/\/gandiabillarclub.es\/index.php?rest_route=\/wp\/v2\/pages"}],"about":[{"href":"http:\/\/gandiabillarclub.es\/index.php?rest_route=\/wp\/v2\/types\/page"}],"author":[{"embeddable":true,"href":"http:\/\/gandiabillarclub.es\/index.php?rest_route=\/wp\/v2\/users\/1"}],"replies":[{"embeddable":true,"href":"http:\/\/gandiabillarclub.es\/index.php?rest_route=%2Fwp%2Fv2%2Fcomments&post=158"}],"version-history":[{"count":24,"href":"http:\/\/gandiabillarclub.es\/index.php?rest_route=\/wp\/v2\/pages\/158\/revisions"}],"predecessor-version":[{"id":852,"href":"http:\/\/gandiabillarclub.es\/index.php?rest_route=\/wp\/v2\/pages\/158\/revisions\/852"}],"wp:attachment":[{"href":"http:\/\/gandiabillarclub.es\/index.php?rest_route=%2Fwp%2Fv2%2Fmedia&parent=158"}],"curies":[{"name":"wp","href":"https:\/\/api.w.org\/{rel}","templated":true}]}}