{"id":66,"date":"2020-09-23T18:22:17","date_gmt":"2020-09-23T17:22:17","guid":{"rendered":"http:\/\/gandiabillarclub.es\/?page_id=66"},"modified":"2024-09-20T16:24:31","modified_gmt":"2024-09-20T15:24:31","slug":"competiciones","status":"publish","type":"page","link":"http:\/\/gandiabillarclub.es\/?page_id=66","title":{"rendered":"Torneus"},"content":{"rendered":"\n<h2 class=\"wp-block-heading\" id=\"PREMIO-ESPANYA-2022\"><strong>GRAN PREMIO DE ESPA\u00d1A DE BILLAR A TRES BANDAS XIX CIUTAT DE GANDIA &#8211; CHEF AMADEO (Septiembre-Octubre de 2024)<\/strong><\/h2>\n\n\n<div class=\"wp-block-image\">\n<figure class=\"aligncenter size-large is-resized\"><img decoding=\"async\" loading=\"lazy\" width=\"725\" height=\"1024\" src=\"http:\/\/gandiabillarclub.es\/wp-content\/uploads\/2024\/09\/CARTEL-XIX-GRAN-PREMIO-DE-ESPAN-\u0303A-CIUTAT-DE-GANDIA-2024_NEW-725x1024.jpg\" alt=\"\" class=\"wp-image-844\" style=\"aspect-ratio:0.7078288942695722;width:403px;height:auto\" srcset=\"http:\/\/gandiabillarclub.es\/wp-content\/uploads\/2024\/09\/CARTEL-XIX-GRAN-PREMIO-DE-ESPAN-\u0303A-CIUTAT-DE-GANDIA-2024_NEW-725x1024.jpg 725w, http:\/\/gandiabillarclub.es\/wp-content\/uploads\/2024\/09\/CARTEL-XIX-GRAN-PREMIO-DE-ESPAN-\u0303A-CIUTAT-DE-GANDIA-2024_NEW-212x300.jpg 212w, http:\/\/gandiabillarclub.es\/wp-content\/uploads\/2024\/09\/CARTEL-XIX-GRAN-PREMIO-DE-ESPAN-\u0303A-CIUTAT-DE-GANDIA-2024_NEW-768x1085.jpg 768w, http:\/\/gandiabillarclub.es\/wp-content\/uploads\/2024\/09\/CARTEL-XIX-GRAN-PREMIO-DE-ESPAN-\u0303A-CIUTAT-DE-GANDIA-2024_NEW-1087x1536.jpg 1087w, http:\/\/gandiabillarclub.es\/wp-content\/uploads\/2024\/09\/CARTEL-XIX-GRAN-PREMIO-DE-ESPAN-\u0303A-CIUTAT-DE-GANDIA-2024_NEW-1450x2048.jpg 1450w, http:\/\/gandiabillarclub.es\/wp-content\/uploads\/2024\/09\/CARTEL-XIX-GRAN-PREMIO-DE-ESPAN-\u0303A-CIUTAT-DE-GANDIA-2024_NEW-1200x1695.jpg 1200w, http:\/\/gandiabillarclub.es\/wp-content\/uploads\/2024\/09\/CARTEL-XIX-GRAN-PREMIO-DE-ESPAN-\u0303A-CIUTAT-DE-GANDIA-2024_NEW-scaled.jpg 1812w\" sizes=\"(max-width: 725px) 85vw, 725px\" \/><\/figure><\/div>\n\n\n<p><\/p>\n\n\n\n<p><a href=\"https:\/\/docs.google.com\/spreadsheets\/d\/1c5mCq4S6ucW1bs_-1vLfHAS4VvCTCB1FnMcWd3N4ndY\/edit#gid=612241689\">Resultados online<\/a><\/p>\n\n\n\n<p>Turnos 10:00, 12:00, 16:00, 18:00, 20:00 \u2013 Horarios en resultados online.<\/p>\n\n\n\n<p><a href=\"https:\/\/www.youtube.com\/channel\/UCdYu6HdiSdmnMutvyRV-tSA\">Canal Oficial Youtube de F.B.C.V.<\/a><\/p>\n\n\n\n<h2 class=\"wp-block-heading\" id=\"PREMIO-ESPANYA-2022\"><strong>GRAN PREMIO DE ESPA\u00d1A DE BILLAR A TRES BANDAS XVII CIUTAT DE GANDIA &#8211; CHEF AMADEO (Septiembre-Octubre de 2022)<\/strong><\/h2>\n\n\n<div class=\"wp-block-image\">\n<figure class=\"aligncenter size-large is-resized\"><img decoding=\"async\" loading=\"lazy\" width=\"733\" height=\"1024\" src=\"http:\/\/gandiabillarclub.es\/wp-content\/uploads\/2022\/09\/c608c1db-98a4-4cfb-903d-10ee182d071c-733x1024.jpg\" alt=\"\" class=\"wp-image-769\" style=\"width:459px;height:641px\" srcset=\"http:\/\/gandiabillarclub.es\/wp-content\/uploads\/2022\/09\/c608c1db-98a4-4cfb-903d-10ee182d071c-733x1024.jpg 733w, http:\/\/gandiabillarclub.es\/wp-content\/uploads\/2022\/09\/c608c1db-98a4-4cfb-903d-10ee182d071c-215x300.jpg 215w, http:\/\/gandiabillarclub.es\/wp-content\/uploads\/2022\/09\/c608c1db-98a4-4cfb-903d-10ee182d071c-768x1073.jpg 768w, http:\/\/gandiabillarclub.es\/wp-content\/uploads\/2022\/09\/c608c1db-98a4-4cfb-903d-10ee182d071c.jpg 1080w\" sizes=\"(max-width: 733px) 85vw, 733px\" \/><\/figure><\/div>\n\n\n<p><\/p>\n\n\n\n<p><a href=\"https:\/\/docs.google.com\/spreadsheets\/d\/18xm2imqmN63ZSj3OYzAeQOTglPklAjhy5Wxj0crkL2g\/edit?usp=drivesdk\">Resultados online<\/a><\/p>\n\n\n\n<p>Turnos 10:00, 12:00, 16:00, 18:00, 20:00 \u2013 Horarios en resultados online.<\/p>\n\n\n\n<p><a href=\"https:\/\/www.youtube.com\/@federaciondebillarcomunida5284\">Canal Oficial Youtube de F.B.C.V.<\/a><\/p>\n\n\n\n<p>Selecciona la pesta\u00f1a V\u00cdDEOS para disfrutar de las partidas en directo.<\/p>\n\n\n\n<h2 class=\"wp-block-heading\" id=\"EUROPEAN_2022\">XLVIII EUROPEAN CHAMPIONSHIP ARTISTIC (from 9th to 12th June 2022)<\/h2>\n\n\n<div class=\"wp-block-image\">\n<figure class=\"aligncenter size-large is-resized\"><img decoding=\"async\" loading=\"lazy\" width=\"892\" height=\"1024\" src=\"http:\/\/gandiabillarclub.es\/wp-content\/uploads\/2022\/05\/4e941d8b-33d4-45c9-bc35-c8f8feff9ce5-892x1024.jpg\" alt=\"\" class=\"wp-image-697\" style=\"width:416px;height:477px\" srcset=\"http:\/\/gandiabillarclub.es\/wp-content\/uploads\/2022\/05\/4e941d8b-33d4-45c9-bc35-c8f8feff9ce5-892x1024.jpg 892w, http:\/\/gandiabillarclub.es\/wp-content\/uploads\/2022\/05\/4e941d8b-33d4-45c9-bc35-c8f8feff9ce5-261x300.jpg 261w, http:\/\/gandiabillarclub.es\/wp-content\/uploads\/2022\/05\/4e941d8b-33d4-45c9-bc35-c8f8feff9ce5-768x881.jpg 768w, http:\/\/gandiabillarclub.es\/wp-content\/uploads\/2022\/05\/4e941d8b-33d4-45c9-bc35-c8f8feff9ce5.jpg 1191w\" sizes=\"(max-width: 709px) 85vw, (max-width: 909px) 67vw, (max-width: 1362px) 62vw, 840px\" \/><\/figure><\/div>\n\n\n<p><\/p>\n\n\n\n<p><strong>Reaching Gandia:<\/strong> you can fly either to Valencia or to El Altet (Elx). Valencia is closer (84 Km) and you can use public transport (take the Metro from the airport to Estaci\u00f3n del Norte, then take a commuter train to Gandia). El Altet is 125 Km away and has more flights; however, there is not public transport to Gandia.<\/p>\n\n\n\n<p><a href=\"https:\/\/docs.google.com\/spreadsheets\/d\/13AOb6Ie19218hrlnkID7D4NSHn-uE4zuKDFZ81gyYAo\/edit#gid=0\" target=\"_blank\" rel=\"noreferrer noopener\">Horarios y resultados online<\/a><\/p>\n\n\n\n<p><a href=\"https:\/\/www.eurobillard.org\/events\/European%20championship%20artistic-278.html\" target=\"_blank\" rel=\"noreferrer noopener\">Conf\u00e9d\u00e9ration Europ\u00e9ene de Billard<\/a><\/p>\n\n\n\n<h2 class=\"wp-block-heading\" id=\"JDS_2022\">LXVII CAMPIONAT D&#8217;ESPANYA AL QUADRE 71\/2 (21 i 22 de Maig de 2022)<\/h2>\n\n\n<div class=\"wp-block-image\">\n<figure class=\"aligncenter size-full is-resized\"><img decoding=\"async\" loading=\"lazy\" width=\"842\" height=\"852\" src=\"http:\/\/gandiabillarclub.es\/wp-content\/uploads\/2022\/05\/2e662045-1232-4466-8694-1fed417d1523.jpg\" alt=\"\" class=\"wp-image-688\" style=\"width:376px;height:380px\" srcset=\"http:\/\/gandiabillarclub.es\/wp-content\/uploads\/2022\/05\/2e662045-1232-4466-8694-1fed417d1523.jpg 842w, http:\/\/gandiabillarclub.es\/wp-content\/uploads\/2022\/05\/2e662045-1232-4466-8694-1fed417d1523-296x300.jpg 296w, http:\/\/gandiabillarclub.es\/wp-content\/uploads\/2022\/05\/2e662045-1232-4466-8694-1fed417d1523-768x777.jpg 768w\" sizes=\"(max-width: 709px) 85vw, (max-width: 909px) 67vw, (max-width: 1362px) 62vw, 840px\" \/><\/figure><\/div>\n\n\n<p><\/p>\n\n\n\n<p>Resultados on-line: <a href=\"https:\/\/docs.google.com\/spreadsheets\/d\/1f3a1Am0ueL2KKOFLiRG8EctzVWPfgwa7H3YTVtOmsEk\/edit#gid=691201519\">https:\/\/docs.google.com\/spreadsheets\/d\/19uG1laiNPtWyX55b5l1mUnhN275fHIIfX0Hilpr0ULY\/edit#gid=549881050<\/a><\/p>\n\n\n\n<p>Canal Oficial Youtube de F.B.C.V.: <a href=\"https:\/\/www.youtube.com\/channel\/UCdYu6HdiSdmnMutvyRV-tSA\">https:\/\/www.youtube.com\/channel\/UCdYu6HdiSdmnMutvyRV-tSA<\/a><\/p>\n\n\n\n<p><\/p>\n\n\n\n<h2 class=\"wp-block-heading\">LVI CAMPEONATO DE ESPA\u00d1A BILLAR ART\u00cdSTICO (6 al 9 de Enero de 2022)<\/h2>\n\n\n\n<p>Resultados on-line: Os permite elegir la mesa, presionando en n\u00famero de mesa. Marcadores electr\u00f3nicos a partir de la FASE FINAL)<br><a href=\"https:\/\/docs.google.com\/spreadsheets\/d\/1qZObCZ4EWZee8C8B9Hi-fNemL-DgSIivszExXlL6XEo\/edit#gid=33628716\">https:\/\/docs.google.com\/spreadsheets\/d\/1qZObCZ4EWZee8C8B9Hi-fNemL-DgSIivszExXlL6XEo\/edit#gid=33628716<\/a><\/p>\n\n\n\n<p>Retransmisi\u00f3n en directo:<br>Mesa1 &#8211; Directo 1 FBCV<br><a href=\"https:\/\/www.youtube.com\/channel\/UCvBUn1UsgMFUtdJz5zS3WeA?view_as=subscriber\">https:\/\/www.youtube.com\/channel\/UCvBUn1UsgMFUtdJz5zS3WeA?view_as=subscriber<\/a><\/p>\n\n\n\n<p>Mesa2 &#8211; Directo 2 FBCV<br><a href=\"https:\/\/www.youtube.com\/channel\/UCUCo8dlgOmJAdTUeWTv8NdQ\">https:\/\/www.youtube.com\/channel\/UCUCo8dlgOmJAdTUeWTv8NdQ<\/a><\/p>\n\n\n\n<figure class=\"wp-block-video aligncenter\"><video controls src=\"http:\/\/gandiabillarclub.es\/wp-content\/uploads\/2022\/01\/VID20220109181519.mp4\"><\/video><figcaption class=\"wp-element-caption\">Carambola final X. Fonellosa.<\/figcaption><\/figure>\n\n\n\n<h2 class=\"wp-block-heading\" id=\"PREMIO-ESPANYA-2021\"><strong>GRAN PREMIO DE ESPA\u00d1A DE BILLAR A TRES BANDAS XVI CIUTAT DE GANDIA &#8211; CHEF AMADEO (Septiembre-Octubre de 2021)<\/strong><\/h2>\n\n\n<div class=\"wp-block-image\">\n<figure class=\"aligncenter size-large is-resized\"><img decoding=\"async\" loading=\"lazy\" width=\"730\" height=\"1024\" src=\"http:\/\/gandiabillarclub.es\/wp-content\/uploads\/2021\/09\/00685039-c7e0-4637-b535-98db820fbfb6-730x1024.jpg\" alt=\"\" class=\"wp-image-549\" style=\"width:331px;height:464px\" srcset=\"http:\/\/gandiabillarclub.es\/wp-content\/uploads\/2021\/09\/00685039-c7e0-4637-b535-98db820fbfb6-730x1024.jpg 730w, http:\/\/gandiabillarclub.es\/wp-content\/uploads\/2021\/09\/00685039-c7e0-4637-b535-98db820fbfb6-214x300.jpg 214w, http:\/\/gandiabillarclub.es\/wp-content\/uploads\/2021\/09\/00685039-c7e0-4637-b535-98db820fbfb6-768x1077.jpg 768w, http:\/\/gandiabillarclub.es\/wp-content\/uploads\/2021\/09\/00685039-c7e0-4637-b535-98db820fbfb6-1095x1536.jpg 1095w, http:\/\/gandiabillarclub.es\/wp-content\/uploads\/2021\/09\/00685039-c7e0-4637-b535-98db820fbfb6.jpg 1141w\" sizes=\"(max-width: 730px) 85vw, 730px\" \/><\/figure><\/div>\n\n\n<p><a href=\"https:\/\/docs.google.com\/spreadsheets\/d\/1ijc3Tt6BaCg2cjk5Vo4aVHYsuvqXcgkz8qe_N0HNo3s\/edit#gid=1450263953\" target=\"_blank\" rel=\"noreferrer noopener\">Resultados on-line y horarios<\/a><\/p>\n\n\n\n<p>Retransmisiones fase final (permite elegir la partida para verla en directo o en diferido):<\/p>\n\n\n\n<p><a href=\"https:\/\/www.youtube.com\/channel\/UCvBUn1UsgMFUtdJz5zS3WeA?view_as=subscriber\" target=\"_blank\" rel=\"noreferrer noopener\">Mesa 1<\/a><\/p>\n\n\n\n<p><a href=\"https:\/\/www.youtube.com\/channel\/UCUCo8dlgOmJAdTUeWTv8NdQ\" target=\"_blank\" rel=\"noreferrer noopener\">Mesa 2<\/a><\/p>\n\n\n\n<p><a href=\"https:\/\/www.youtube.com\/channel\/UCP-87S2UH6LjxIHGaZ2Gakg\" target=\"_blank\" rel=\"noreferrer noopener\">Mesa 3<\/a><\/p>\n\n\n\n<p><a href=\"https:\/\/www.youtube.com\/channel\/UCMNtwWswfjgQJ5nHJfLvjww\" target=\"_blank\" rel=\"noreferrer noopener\">Mesa 4<\/a><\/p>\n\n\n\n<p><a rel=\"noreferrer noopener\" href=\"https:\/\/www.youtube.com\/channel\/UCqlFPgRNsX8xs2YOnsPg6Vg?view_as=subscriber\" target=\"_blank\">Marcadores directo<\/a><\/p>\n\n\n\n<p><\/p>\n\n\n\n<h2 class=\"wp-block-heading Open_Gandia_2021\"><strong>OPEN 200 XVI CIUTAT DE GANDIA \u2013 CHEF AMADEO (Septiembre de 2021)<\/strong><\/h2>\n\n\n\n<p><a href=\"https:\/\/docs.google.com\/spreadsheets\/d\/1wdrjQi5fvYHnILZ8cgtbXzk2retk_spr7g7Ftvv8cf8\/edit#gid=12980708\" target=\"_blank\" rel=\"noreferrer noopener\">Resultats online<\/a><\/p>\n\n\n\n<p><a rel=\"noreferrer noopener\" href=\"https:\/\/www.fbillarcv.org\/retransmisiones\/\" target=\"_blank\">Canal Youtube Federaci\u00f3n Valenciana<\/a><\/p>\n\n\n\n<p>Retransmisiones fase final (permite elegir la partida para verla en directo o en diferido):<\/p>\n\n\n\n<p><a href=\"https:\/\/www.youtube.com\/channel\/UCvBUn1UsgMFUtdJz5zS3WeA?view_as=subscriber\" target=\"_blank\" rel=\"noreferrer noopener\">Mesa 1<\/a><\/p>\n\n\n\n<p><a href=\"https:\/\/www.youtube.com\/channel\/UCUCo8dlgOmJAdTUeWTv8NdQ\" target=\"_blank\" rel=\"noreferrer noopener\">Mesa 2<\/a><\/p>\n\n\n\n<p><a href=\"https:\/\/www.youtube.com\/channel\/UCP-87S2UH6LjxIHGaZ2Gakg\" target=\"_blank\" rel=\"noreferrer noopener\">Mesa 3<\/a><\/p>\n\n\n\n<p><a href=\"https:\/\/www.youtube.com\/channel\/UCMNtwWswfjgQJ5nHJfLvjww\" target=\"_blank\" rel=\"noreferrer noopener\">Mesa 4<\/a><\/p>\n\n\n\n<p><a href=\"https:\/\/www.youtube.com\/channel\/UCqlFPgRNsX8xs2YOnsPg6Vg?view_as=subscriber\" target=\"_blank\" rel=\"noreferrer noopener\">Marcadores<\/a><\/p>\n\n\n\n<p><\/p>\n\n\n\n<p id=\"Campeonato_47\/2_2020\" style=\"font-size:29px\"><strong>CAMPEONATO DE ESPA\u00d1A 47\/2 \u2013 (Gandia del 11 al 13 de Diciembre de 2020)<\/strong><\/p>\n\n\n\n<p><a href=\"https:\/\/cutt.ly\/7hYWIo8\">Resultados online<\/a><\/p>\n\n\n\n<p>Retransmisiones fase final (permite elegir la partida para verla en directo o en diferido):<\/p>\n\n\n\n<p><a href=\"https:\/\/cutt.ly\/VhYW1Ze\">Mesa 1<\/a><\/p>\n\n\n\n<p><a href=\"https:\/\/cutt.ly\/ihYW4xu\">Mesa 2<\/a><\/p>\n\n\n\n<p><a href=\"https:\/\/cutt.ly\/BhYEq3P\">Mesa 3<\/a><\/p>\n\n\n\n<p><a href=\"https:\/\/cutt.ly\/XhYEtlH\">Mesa 4<\/a><\/p>\n\n\n\n<p>Las actas de cada partido y fotograf\u00edas del evento estar\u00e1n disponibles en el <a href=\"https:\/\/www.facebook.com\/gandia.billar\">F<\/a><a rel=\"noreferrer noopener\" href=\"https:\/\/www.facebook.com\/gandia.billar\" target=\"_blank\">acebook del GBC<\/a><\/p>\n\n\n<div class=\"wp-block-image\">\n<figure class=\"aligncenter size-large is-resized\"><img decoding=\"async\" loading=\"lazy\" width=\"926\" height=\"692\" src=\"http:\/\/gandiabillarclub.es\/wp-content\/uploads\/2020\/12\/Campeonato_Espan\u0303a_472_2020.png\" alt=\"\" class=\"wp-image-327\" style=\"width:486px;height:362px\" srcset=\"http:\/\/gandiabillarclub.es\/wp-content\/uploads\/2020\/12\/Campeonato_Espan\u0303a_472_2020.png 926w, http:\/\/gandiabillarclub.es\/wp-content\/uploads\/2020\/12\/Campeonato_Espan\u0303a_472_2020-300x224.png 300w, http:\/\/gandiabillarclub.es\/wp-content\/uploads\/2020\/12\/Campeonato_Espan\u0303a_472_2020-768x574.png 768w\" sizes=\"(max-width: 709px) 85vw, (max-width: 909px) 67vw, (max-width: 1362px) 62vw, 840px\" \/><figcaption class=\"wp-element-caption\"><strong>Ra\u00fal Cuenca<\/strong>&nbsp;campe\u00f3n, Esteve Mata medalla de Plata y Jos\u00e9 Albert Tornero y \u00c1lvaro G\u00f3mez medallas de Bronce.<\/figcaption><\/figure><\/div>\n\n\n<h2 class=\"wp-block-heading\" id=\"PREMI_ESPANYA_2020\">GRAN PREMIO DE ESPA\u00d1A DE BILLAR A TRES BANDAS XV CIUTAT DE GANDIA &#8211; CHEF AMADEO (Septiembre-Octubre de 2020)<\/h2>\n\n\n\n<p><\/p>\n\n\n<div class=\"wp-block-image\">\n<figure class=\"aligncenter size-large is-resized\"><img decoding=\"async\" loading=\"lazy\" width=\"724\" height=\"1024\" src=\"http:\/\/gandiabillarclub.es\/wp-content\/uploads\/2020\/09\/7116143c-b993-4484-a7ae-142c1ab41283-724x1024.jpg\" alt=\"\" class=\"wp-image-182\" style=\"width:260px;height:368px\" srcset=\"http:\/\/gandiabillarclub.es\/wp-content\/uploads\/2020\/09\/7116143c-b993-4484-a7ae-142c1ab41283-724x1024.jpg 724w, http:\/\/gandiabillarclub.es\/wp-content\/uploads\/2020\/09\/7116143c-b993-4484-a7ae-142c1ab41283-212x300.jpg 212w, http:\/\/gandiabillarclub.es\/wp-content\/uploads\/2020\/09\/7116143c-b993-4484-a7ae-142c1ab41283-768x1087.jpg 768w, http:\/\/gandiabillarclub.es\/wp-content\/uploads\/2020\/09\/7116143c-b993-4484-a7ae-142c1ab41283-1085x1536.jpg 1085w, http:\/\/gandiabillarclub.es\/wp-content\/uploads\/2020\/09\/7116143c-b993-4484-a7ae-142c1ab41283-1200x1698.jpg 1200w, http:\/\/gandiabillarclub.es\/wp-content\/uploads\/2020\/09\/7116143c-b993-4484-a7ae-142c1ab41283.jpg 1447w\" sizes=\"(max-width: 724px) 85vw, 724px\" \/><\/figure><\/div>\n\n\n<p><a href=\"https:\/\/drive.google.com\/file\/d\/1--ylEbL1NfMF8RlMOfBqJ29RrmDK5do4\/view\" target=\"_blank\" rel=\"noreferrer noopener\">Resultados on-line<\/a><\/p>\n\n\n\n<p><a href=\"https:\/\/www.fbillarcv.org\/retransmisiones\/\" target=\"_blank\" rel=\"noreferrer noopener\">Canal Youtube Federaci\u00f3n Valenciana<\/a><\/p>\n\n\n\n<p>Retransmisiones fase final (permite elegir la partida para verla en directo o en diferido):<\/p>\n\n\n\n<p><a rel=\"noreferrer noopener\" href=\"https:\/\/cutt.ly\/WfCN7cK\" target=\"_blank\">Mesa 1<\/a>             <\/p>\n\n\n\n<p><a rel=\"noreferrer noopener\" href=\"https:\/\/cutt.ly\/lfC1G5J\" target=\"_blank\">Mesa 2<\/a>             <\/p>\n\n\n\n<p><a rel=\"noreferrer noopener\" href=\"https:\/\/cutt.ly\/FfC1LhX\" target=\"_blank\">Mesa 3<\/a>         <\/p>\n\n\n\n<p><a rel=\"noreferrer noopener\" href=\"https:\/\/cutt.ly\/vfC1Ctc\" target=\"_blank\">Mesa 4<\/a><\/p>\n\n\n\n<p>Las actas de cada partido y fotograf\u00edas del evento estar\u00e1n disponibles en el <a href=\"https:\/\/www.facebook.com\/gandia.billar\">F<\/a><a href=\"https:\/\/www.facebook.com\/gandia.billar\" target=\"_blank\" rel=\"noreferrer noopener\">acebook del GBC<\/a><\/p>\n\n\n\n<p><\/p>\n\n\n<div class=\"wp-block-image\">\n<figure class=\"aligncenter size-large is-resized\"><img decoding=\"async\" loading=\"lazy\" width=\"1250\" height=\"937\" src=\"http:\/\/gandiabillarclub.es\/wp-content\/uploads\/2020\/10\/ganadores-edited.jpeg\" alt=\"\" class=\"wp-image-220\" style=\"width:486px;height:364.5px\" srcset=\"http:\/\/gandiabillarclub.es\/wp-content\/uploads\/2020\/10\/ganadores-edited.jpeg 1250w, http:\/\/gandiabillarclub.es\/wp-content\/uploads\/2020\/10\/ganadores-edited-300x225.jpeg 300w, http:\/\/gandiabillarclub.es\/wp-content\/uploads\/2020\/10\/ganadores-edited-1024x768.jpeg 1024w, http:\/\/gandiabillarclub.es\/wp-content\/uploads\/2020\/10\/ganadores-edited-768x576.jpeg 768w, http:\/\/gandiabillarclub.es\/wp-content\/uploads\/2020\/10\/ganadores-edited-1200x900.jpeg 1200w\" sizes=\"(max-width: 709px) 85vw, (max-width: 909px) 67vw, (max-width: 1362px) 62vw, 840px\" \/><figcaption class=\"wp-element-caption\">Campe\u00f3n R. Fern\u00e1ndez, subcampe\u00f3n R. Garc\u00eda, terceros J.L Pascual y V. Andaluz.<\/figcaption><\/figure><\/div>\n\n\n<p id=\"XV_OPEN_2020\"><\/p>\n\n\n<div class=\"wp-block-image\">\n<figure class=\"aligncenter size-large is-resized\"><img decoding=\"async\" loading=\"lazy\" width=\"750\" height=\"750\" src=\"http:\/\/gandiabillarclub.es\/wp-content\/uploads\/2020\/10\/Pascual-edited.jpeg\" alt=\"\" class=\"wp-image-219\" style=\"width:477px;height:477px\" srcset=\"http:\/\/gandiabillarclub.es\/wp-content\/uploads\/2020\/10\/Pascual-edited.jpeg 750w, http:\/\/gandiabillarclub.es\/wp-content\/uploads\/2020\/10\/Pascual-edited-300x300.jpeg 300w, http:\/\/gandiabillarclub.es\/wp-content\/uploads\/2020\/10\/Pascual-edited-150x150.jpeg 150w\" sizes=\"(max-width: 750px) 85vw, 750px\" \/><figcaption class=\"wp-element-caption\">Entrega del Trofeo a J.L. Pascual, jugador del Gandia Billar Club.<\/figcaption><\/figure><\/div>\n\n\n<hr class=\"wp-block-separator has-css-opacity\"\/>\n\n\n\n<h2 class=\"wp-block-heading\"><strong>OPEN 200 XV CIUTAT DE GANDIA &#8211; CHEF AMADEO (Septiembre de 2020)<\/strong><\/h2>\n\n\n<div class=\"wp-block-image\">\n<figure class=\"aligncenter size-large is-resized\"><img decoding=\"async\" loading=\"lazy\" width=\"724\" height=\"1024\" src=\"http:\/\/gandiabillarclub.es\/wp-content\/uploads\/2020\/09\/2b928cb9-3853-4453-a995-53d5f8fc4378-724x1024.jpg\" alt=\"\" class=\"wp-image-167\" style=\"width:236px;height:334px\" srcset=\"http:\/\/gandiabillarclub.es\/wp-content\/uploads\/2020\/09\/2b928cb9-3853-4453-a995-53d5f8fc4378-724x1024.jpg 724w, http:\/\/gandiabillarclub.es\/wp-content\/uploads\/2020\/09\/2b928cb9-3853-4453-a995-53d5f8fc4378-212x300.jpg 212w, http:\/\/gandiabillarclub.es\/wp-content\/uploads\/2020\/09\/2b928cb9-3853-4453-a995-53d5f8fc4378-768x1087.jpg 768w, http:\/\/gandiabillarclub.es\/wp-content\/uploads\/2020\/09\/2b928cb9-3853-4453-a995-53d5f8fc4378-1085x1536.jpg 1085w, http:\/\/gandiabillarclub.es\/wp-content\/uploads\/2020\/09\/2b928cb9-3853-4453-a995-53d5f8fc4378-1200x1698.jpg 1200w, http:\/\/gandiabillarclub.es\/wp-content\/uploads\/2020\/09\/2b928cb9-3853-4453-a995-53d5f8fc4378.jpg 1447w\" sizes=\"(max-width: 724px) 85vw, 724px\" \/><\/figure><\/div>\n\n\n<p class=\"has-text-align-left\"><a href=\"https:\/\/cutt.ly\/EfCN2mq\" target=\"_blank\" rel=\"noreferrer noopener\">Resultados on-line<\/a> <\/p>\n\n\n\n<p><a href=\"https:\/\/www.fbillarcv.org\/retransmisiones\/\" target=\"_blank\" rel=\"noreferrer noopener\">Canal Youtube Federaci\u00f3n Valenciana<\/a><\/p>\n\n\n\n<p>Retransmisiones fase final (permite elegir la partida para verla en directo o en diferido):<\/p>\n\n\n\n<p><a rel=\"noreferrer noopener\" href=\"https:\/\/cutt.ly\/WfCN7cK\" target=\"_blank\">Mesa 1<\/a>             <\/p>\n\n\n\n<p><a rel=\"noreferrer noopener\" href=\"https:\/\/cutt.ly\/lfC1G5J\" target=\"_blank\">Mesa 2<\/a>             <\/p>\n\n\n\n<p><a rel=\"noreferrer noopener\" href=\"https:\/\/cutt.ly\/FfC1LhX\" target=\"_blank\">Mesa 3<\/a>         <\/p>\n\n\n\n<p><a rel=\"noreferrer noopener\" href=\"https:\/\/cutt.ly\/vfC1Ctc\" target=\"_blank\">Mesa 4<\/a><\/p>\n\n\n\n<p><\/p>\n\n\n\n<div class=\"wp-block-group is-layout-flow wp-block-group-is-layout-flow\"><div class=\"wp-block-group__inner-container\"><div class=\"wp-block-image\">\n<figure class=\"aligncenter size-large is-resized\"><img decoding=\"async\" loading=\"lazy\" width=\"1248\" height=\"2000\" src=\"http:\/\/gandiabillarclub.es\/wp-content\/uploads\/2020\/09\/6a74e565-4c84-4feb-a768-d60e1836b760-edited.jpg\" alt=\"\" class=\"wp-image-176\" style=\"width:326px;height:521.6px\" srcset=\"http:\/\/gandiabillarclub.es\/wp-content\/uploads\/2020\/09\/6a74e565-4c84-4feb-a768-d60e1836b760-edited.jpg 1248w, http:\/\/gandiabillarclub.es\/wp-content\/uploads\/2020\/09\/6a74e565-4c84-4feb-a768-d60e1836b760-edited-187x300.jpg 187w, http:\/\/gandiabillarclub.es\/wp-content\/uploads\/2020\/09\/6a74e565-4c84-4feb-a768-d60e1836b760-edited-639x1024.jpg 639w, http:\/\/gandiabillarclub.es\/wp-content\/uploads\/2020\/09\/6a74e565-4c84-4feb-a768-d60e1836b760-edited-768x1231.jpg 768w, http:\/\/gandiabillarclub.es\/wp-content\/uploads\/2020\/09\/6a74e565-4c84-4feb-a768-d60e1836b760-edited-958x1536.jpg 958w, http:\/\/gandiabillarclub.es\/wp-content\/uploads\/2020\/09\/6a74e565-4c84-4feb-a768-d60e1836b760-edited-1200x1923.jpg 1200w\" sizes=\"(max-width: 709px) 85vw, (max-width: 909px) 67vw, (max-width: 1362px) 62vw, 840px\" \/><figcaption class=\"wp-element-caption\">Campe\u00f3n Carlos Carri\u00f3n y Subcampe\u00f3n Enrique Pe\u00f1alva.<\/figcaption><\/figure><\/div><\/div><\/div>\n\n\n<div class=\"wp-block-image\">\n<figure class=\"aligncenter size-large is-resized\"><img decoding=\"async\" loading=\"lazy\" width=\"900\" height=\"1199\" src=\"http:\/\/gandiabillarclub.es\/wp-content\/uploads\/2020\/09\/a7503fb5-3a87-4b7f-9197-1c5db3a69a7b-edited-1.jpg\" alt=\"\" class=\"wp-image-174\" style=\"width:328px;height:437px\" srcset=\"http:\/\/gandiabillarclub.es\/wp-content\/uploads\/2020\/09\/a7503fb5-3a87-4b7f-9197-1c5db3a69a7b-edited-1.jpg 900w, http:\/\/gandiabillarclub.es\/wp-content\/uploads\/2020\/09\/a7503fb5-3a87-4b7f-9197-1c5db3a69a7b-edited-1-225x300.jpg 225w, http:\/\/gandiabillarclub.es\/wp-content\/uploads\/2020\/09\/a7503fb5-3a87-4b7f-9197-1c5db3a69a7b-edited-1-769x1024.jpg 769w, http:\/\/gandiabillarclub.es\/wp-content\/uploads\/2020\/09\/a7503fb5-3a87-4b7f-9197-1c5db3a69a7b-edited-1-768x1023.jpg 768w\" sizes=\"(max-width: 709px) 85vw, (max-width: 909px) 67vw, (max-width: 1362px) 62vw, 840px\" \/><figcaption class=\"wp-element-caption\">Terceros Jos\u00e9 Luis Pascual y Juan Villora.<\/figcaption><\/figure><\/div>\n\n<div class=\"wp-block-image\">\n<figure class=\"alignleft size-large is-resized\"><img decoding=\"async\" loading=\"lazy\" width=\"197\" height=\"205\" src=\"http:\/\/gandiabillarclub.es\/wp-content\/uploads\/2020\/09\/LOGO_RBCV_TRANSPARENT.jpg\" alt=\"\" class=\"wp-image-93\" style=\"width:108px;height:113px\"\/><\/figure><\/div>\n\n\n<p><\/p>\n\n\n\n<p><\/p>\n","protected":false},"excerpt":{"rendered":"<p>GRAN PREMIO DE ESPA\u00d1A DE BILLAR A TRES BANDAS XIX CIUTAT DE GANDIA &#8211; CHEF AMADEO (Septiembre-Octubre de 2024) Resultados online Turnos 10:00, 12:00, 16:00, 18:00, 20:00 \u2013 Horarios en &hellip; <a href=\"http:\/\/gandiabillarclub.es\/?page_id=66\" class=\"more-link\">Continuar leyendo<span class=\"screen-reader-text\"> \u00abTorneus\u00bb<\/span><\/a><\/p>\n","protected":false},"author":1,"featured_media":0,"parent":0,"menu_order":0,"comment_status":"closed","ping_status":"closed","template":"","meta":{"footnotes":""},"_links":{"self":[{"href":"http:\/\/gandiabillarclub.es\/index.php?rest_route=\/wp\/v2\/pages\/66"}],"collection":[{"href":"http:\/\/gandiabillarclub.es\/index.php?rest_route=\/wp\/v2\/pages"}],"about":[{"href":"http:\/\/gandiabillarclub.es\/index.php?rest_route=\/wp\/v2\/types\/page"}],"author":[{"embeddable":true,"href":"http:\/\/gandiabillarclub.es\/index.php?rest_route=\/wp\/v2\/users\/1"}],"replies":[{"embeddable":true,"href":"http:\/\/gandiabillarclub.es\/index.php?rest_route=%2Fwp%2Fv2%2Fcomments&post=66"}],"version-history":[{"count":74,"href":"http:\/\/gandiabillarclub.es\/index.php?rest_route=\/wp\/v2\/pages\/66\/revisions"}],"predecessor-version":[{"id":845,"href":"http:\/\/gandiabillarclub.es\/index.php?rest_route=\/wp\/v2\/pages\/66\/revisions\/845"}],"wp:attachment":[{"href":"http:\/\/gandiabillarclub.es\/index.php?rest_route=%2Fwp%2Fv2%2Fmedia&parent=66"}],"curies":[{"name":"wp","href":"https:\/\/api.w.org\/{rel}","templated":true}]}}